{"id":27,"date":"2026-02-08T17:09:53","date_gmt":"2026-02-08T17:09:53","guid":{"rendered":"http:\/\/nevainstitut.fr\/?page_id=27"},"modified":"2026-02-08T18:23:10","modified_gmt":"2026-02-08T18:23:10","slug":"a-propos-de-moi","status":"publish","type":"page","link":"http:\/\/nevainstitut.fr\/index.php\/a-propos-de-moi\/","title":{"rendered":"A propos de moi"},"content":{"rendered":"\n<div class=\"wp-block-columns is-layout-flex wp-container-core-columns-is-layout-9d6595d7 wp-block-columns-is-layout-flex\">\n<div class=\"wp-block-column has-accent-2-background-color has-background is-layout-flow wp-block-column-is-layout-flow\"><\/div>\n\n\n\n<div class=\"wp-block-column is-layout-flow wp-block-column-is-layout-flow\">\n<p class=\"has-text-align-center has-accent-2-color has-text-color has-link-color has-normal-font-size wp-elements-b612b3d547fa8204036230ef4fd235f7\"><strong>Laur\u00e8ne Carry<br><\/strong><em>Je mets ma passion et mon expertise au service de votre beaut\u00e9 avec exigence et une attention port\u00e9e aux moindres d\u00e9tails. Esth\u00e9ticienne dipl\u00f4m\u00e9e depuis 2008 et sp\u00e9cialis\u00e9e dans l&#8217;art du sourcil, j&#8217;ai \u00e0 c\u0153ur de r\u00e9v\u00e9ler l&#8217;expression naturelle de chaque regard. Dans une atmosph\u00e8re \u00e9l\u00e9gante et intimiste, je vous re\u00e7ois pour une exp\u00e9rience sur-mesure, entre technicit\u00e9, sensorialit\u00e9 et bienveillance. <\/em><\/p>\n<\/div>\n\n\n\n<div class=\"wp-block-column is-layout-flow wp-block-column-is-layout-flow\">\n<figure class=\"wp-block-video\"><video height=\"848\" style=\"aspect-ratio: 480 \/ 848;\" width=\"480\" controls src=\"http:\/\/nevainstitut.fr\/wp-content\/uploads\/2026\/02\/WhatsApp-Video-2026-01-23-at-14.32.59.mp4\"><\/video><\/figure>\n<\/div>\n\n\n\n<div class=\"wp-block-column has-accent-1-background-color has-background is-layout-flow wp-block-column-is-layout-flow\">\n<p><\/p>\n\n\n\n<p><\/p>\n<\/div>\n<\/div>\n\n\n\n<div class=\"wp-block-columns is-layout-flex wp-container-core-columns-is-layout-9d6595d7 wp-block-columns-is-layout-flex\">\n<div class=\"wp-block-column is-layout-flow wp-block-column-is-layout-flow\" style=\"flex-basis:100%\"><\/div>\n<\/div>\n\n\n\n<p><\/p>\n","protected":false},"excerpt":{"rendered":"<p>Laur\u00e8ne CarryJe mets ma passion et mon expertise au service de votre beaut\u00e9 avec exigence et une attention port\u00e9e aux moindres d\u00e9tails. Esth\u00e9ticienne dipl\u00f4m\u00e9e depuis &hellip;<\/p>\n","protected":false},"author":1,"featured_media":0,"parent":0,"menu_order":0,"comment_status":"closed","ping_status":"closed","template":"","meta":{"footnotes":""},"class_list":["post-27","page","type-page","status-publish","hentry"],"_links":{"self":[{"href":"http:\/\/nevainstitut.fr\/index.php\/wp-json\/wp\/v2\/pages\/27","targetHints":{"allow":["GET"]}}],"collection":[{"href":"http:\/\/nevainstitut.fr\/index.php\/wp-json\/wp\/v2\/pages"}],"about":[{"href":"http:\/\/nevainstitut.fr\/index.php\/wp-json\/wp\/v2\/types\/page"}],"author":[{"embeddable":true,"href":"http:\/\/nevainstitut.fr\/index.php\/wp-json\/wp\/v2\/users\/1"}],"replies":[{"embeddable":true,"href":"http:\/\/nevainstitut.fr\/index.php\/wp-json\/wp\/v2\/comments?post=27"}],"version-history":[{"count":7,"href":"http:\/\/nevainstitut.fr\/index.php\/wp-json\/wp\/v2\/pages\/27\/revisions"}],"predecessor-version":[{"id":86,"href":"http:\/\/nevainstitut.fr\/index.php\/wp-json\/wp\/v2\/pages\/27\/revisions\/86"}],"wp:attachment":[{"href":"http:\/\/nevainstitut.fr\/index.php\/wp-json\/wp\/v2\/media?parent=27"}],"curies":[{"name":"wp","href":"https:\/\/api.w.org\/{rel}","templated":true}]}}